{"id":466,"date":"2022-06-23T09:04:50","date_gmt":"2022-06-23T07:04:50","guid":{"rendered":"https:\/\/pomme-dhappy.myosotis.ch\/creche\/"},"modified":"2026-04-07T18:48:49","modified_gmt":"2026-04-07T16:48:49","slug":"creche","status":"publish","type":"page","link":"https:\/\/pomme-dhappy.myosotis.ch\/en\/","title":{"rendered":"Cr\u00e8che"},"content":{"rendered":"","protected":false},"excerpt":{"rendered":"","protected":false},"author":1,"featured_media":0,"parent":0,"menu_order":0,"comment_status":"closed","ping_status":"closed","template":"template-pagebuilder.php","meta":{"_acf_changed":false,"footnotes":""},"folder":[],"class_list":["post-466","page","type-page","status-publish","hentry"],"acf":[],"yoast_head":"<!-- This site is optimized with the Yoast SEO plugin v22.1 - https:\/\/yoast.com\/wordpress\/plugins\/seo\/ -->\n<title>Cr\u00e8che - Pomme d\u2019happy<\/title>\n<meta name=\"robots\" content=\"index, follow, max-snippet:-1, max-image-preview:large, max-video-preview:-1\" \/>\n<link rel=\"canonical\" href=\"https:\/\/pomme-dhappy.myosotis.ch\/en\/creche\/\" \/>\n<meta property=\"og:locale\" content=\"en_US\" \/>\n<meta property=\"og:type\" content=\"article\" \/>\n<meta property=\"og:title\" content=\"Cr\u00e8che - Pomme d\u2019happy\" \/>\n<meta property=\"og:url\" content=\"https:\/\/pomme-dhappy.myosotis.ch\/en\/creche\/\" \/>\n<meta property=\"og:site_name\" content=\"Pomme d\u2019happy\" \/>\n<meta property=\"article:modified_time\" content=\"2026-04-07T16:48:49+00:00\" \/>\n<meta name=\"twitter:card\" content=\"summary_large_image\" \/>\n<script type=\"application\/ld+json\" class=\"yoast-schema-graph\">{\"@context\":\"https:\/\/schema.org\",\"@graph\":[{\"@type\":\"WebPage\",\"@id\":\"https:\/\/pomme-dhappy.myosotis.ch\/en\/creche\/\",\"url\":\"https:\/\/pomme-dhappy.myosotis.ch\/en\/creche\/\",\"name\":\"Cr\u00e8che - Pomme d\u2019happy\",\"isPartOf\":{\"@id\":\"https:\/\/pomme-dhappy.myosotis.ch\/#website\"},\"datePublished\":\"2022-06-23T07:04:50+00:00\",\"dateModified\":\"2026-04-07T16:48:49+00:00\",\"breadcrumb\":{\"@id\":\"https:\/\/pomme-dhappy.myosotis.ch\/en\/creche\/#breadcrumb\"},\"inLanguage\":\"en-US\",\"potentialAction\":[{\"@type\":\"ReadAction\",\"target\":[\"https:\/\/pomme-dhappy.myosotis.ch\/en\/creche\/\"]}]},{\"@type\":\"BreadcrumbList\",\"@id\":\"https:\/\/pomme-dhappy.myosotis.ch\/en\/creche\/#breadcrumb\",\"itemListElement\":[{\"@type\":\"ListItem\",\"position\":1,\"name\":\"Home\",\"item\":\"https:\/\/pomme-dhappy.myosotis.ch\/en\/creche\/\"},{\"@type\":\"ListItem\",\"position\":2,\"name\":\"Cr\u00e8che\"}]},{\"@type\":\"WebSite\",\"@id\":\"https:\/\/pomme-dhappy.myosotis.ch\/#website\",\"url\":\"https:\/\/pomme-dhappy.myosotis.ch\/\",\"name\":\"Pomme d\u2019happy\",\"description\":\"L\u2019objectif de la cr\u00e8che Pomme d&#039;Happy est d\u2019offrir aux enfants des employ\u00e9s Philip Morris et de la communaut\u00e9 locale, un accueil et un encadrement de qualit\u00e9 adapt\u00e9 \u00e0 leurs besoins.\",\"potentialAction\":[{\"@type\":\"SearchAction\",\"target\":{\"@type\":\"EntryPoint\",\"urlTemplate\":\"https:\/\/pomme-dhappy.myosotis.ch\/?s={search_term_string}\"},\"query-input\":\"required name=search_term_string\"}],\"inLanguage\":\"en-US\"}]}<\/script>\n<!-- \/ Yoast SEO plugin. -->","yoast_head_json":{"title":"Cr\u00e8che - Pomme d\u2019happy","robots":{"index":"index","follow":"follow","max-snippet":"max-snippet:-1","max-image-preview":"max-image-preview:large","max-video-preview":"max-video-preview:-1"},"canonical":"https:\/\/pomme-dhappy.myosotis.ch\/en\/creche\/","og_locale":"en_US","og_type":"article","og_title":"Cr\u00e8che - Pomme d\u2019happy","og_url":"https:\/\/pomme-dhappy.myosotis.ch\/en\/creche\/","og_site_name":"Pomme d\u2019happy","article_modified_time":"2026-04-07T16:48:49+00:00","twitter_card":"summary_large_image","schema":{"@context":"https:\/\/schema.org","@graph":[{"@type":"WebPage","@id":"https:\/\/pomme-dhappy.myosotis.ch\/en\/creche\/","url":"https:\/\/pomme-dhappy.myosotis.ch\/en\/creche\/","name":"Cr\u00e8che - Pomme d\u2019happy","isPartOf":{"@id":"https:\/\/pomme-dhappy.myosotis.ch\/#website"},"datePublished":"2022-06-23T07:04:50+00:00","dateModified":"2026-04-07T16:48:49+00:00","breadcrumb":{"@id":"https:\/\/pomme-dhappy.myosotis.ch\/en\/creche\/#breadcrumb"},"inLanguage":"en-US","potentialAction":[{"@type":"ReadAction","target":["https:\/\/pomme-dhappy.myosotis.ch\/en\/creche\/"]}]},{"@type":"BreadcrumbList","@id":"https:\/\/pomme-dhappy.myosotis.ch\/en\/creche\/#breadcrumb","itemListElement":[{"@type":"ListItem","position":1,"name":"Home","item":"https:\/\/pomme-dhappy.myosotis.ch\/en\/creche\/"},{"@type":"ListItem","position":2,"name":"Cr\u00e8che"}]},{"@type":"WebSite","@id":"https:\/\/pomme-dhappy.myosotis.ch\/#website","url":"https:\/\/pomme-dhappy.myosotis.ch\/","name":"Pomme d\u2019happy","description":"L\u2019objectif de la cr\u00e8che Pomme d&#039;Happy est d\u2019offrir aux enfants des employ\u00e9s Philip Morris et de la communaut\u00e9 locale, un accueil et un encadrement de qualit\u00e9 adapt\u00e9 \u00e0 leurs besoins.","potentialAction":[{"@type":"SearchAction","target":{"@type":"EntryPoint","urlTemplate":"https:\/\/pomme-dhappy.myosotis.ch\/?s={search_term_string}"},"query-input":"required name=search_term_string"}],"inLanguage":"en-US"}]}},"_links":{"self":[{"href":"https:\/\/pomme-dhappy.myosotis.ch\/en\/wp-json\/wp\/v2\/pages\/466","targetHints":{"allow":["GET"]}}],"collection":[{"href":"https:\/\/pomme-dhappy.myosotis.ch\/en\/wp-json\/wp\/v2\/pages"}],"about":[{"href":"https:\/\/pomme-dhappy.myosotis.ch\/en\/wp-json\/wp\/v2\/types\/page"}],"author":[{"embeddable":true,"href":"https:\/\/pomme-dhappy.myosotis.ch\/en\/wp-json\/wp\/v2\/users\/1"}],"replies":[{"embeddable":true,"href":"https:\/\/pomme-dhappy.myosotis.ch\/en\/wp-json\/wp\/v2\/comments?post=466"}],"version-history":[{"count":67,"href":"https:\/\/pomme-dhappy.myosotis.ch\/en\/wp-json\/wp\/v2\/pages\/466\/revisions"}],"predecessor-version":[{"id":56095,"href":"https:\/\/pomme-dhappy.myosotis.ch\/en\/wp-json\/wp\/v2\/pages\/466\/revisions\/56095"}],"wp:attachment":[{"href":"https:\/\/pomme-dhappy.myosotis.ch\/en\/wp-json\/wp\/v2\/media?parent=466"}],"wp:term":[{"taxonomy":"folder","embeddable":true,"href":"https:\/\/pomme-dhappy.myosotis.ch\/en\/wp-json\/wp\/v2\/folder?post=466"}],"curies":[{"name":"wp","href":"https:\/\/api.w.org\/{rel}","templated":true}]}}